{"id":448,"date":"2026-03-26T09:10:25","date_gmt":"2026-03-26T09:10:25","guid":{"rendered":"https:\/\/mrmovilon.es\/?post_type=product&#038;p=448"},"modified":"2026-03-26T09:19:23","modified_gmt":"2026-03-26T09:19:23","slug":"mpow-auriculares-inalambricos","status":"publish","type":"product","link":"https:\/\/mrmovilon.es\/?product=mpow-auriculares-inalambricos","title":{"rendered":"Mpow-auriculares inal\u00e1mbricos"},"content":{"rendered":"<p>Mpow-auriculares inal\u00e1mbricos MDots con Bluetooth 5,0, dispositivo de audio resistente al agua IPX6 con Control t\u00e1ctil.<\/p>\n","protected":false},"excerpt":{"rendered":"<p>Mpow-auriculares inal\u00e1mbricos MDots con Bluetooth 5,0, dispositivo de audio resistente al agua IPX6 con Control t\u00e1ctil.<\/p>\n","protected":false},"featured_media":450,"comment_status":"open","ping_status":"closed","template":"","meta":[],"product_brand":[24],"product_cat":[38],"product_tag":[],"class_list":{"0":"post-448","1":"product","2":"type-product","3":"status-publish","4":"has-post-thumbnail","6":"product_brand-mpow","7":"product_cat-otros","9":"first","10":"instock","11":"shipping-taxable","12":"purchasable","13":"product-type-simple"},"_links":{"self":[{"href":"https:\/\/mrmovilon.es\/index.php?rest_route=\/wp\/v2\/product\/448","targetHints":{"allow":["GET"]}}],"collection":[{"href":"https:\/\/mrmovilon.es\/index.php?rest_route=\/wp\/v2\/product"}],"about":[{"href":"https:\/\/mrmovilon.es\/index.php?rest_route=\/wp\/v2\/types\/product"}],"replies":[{"embeddable":true,"href":"https:\/\/mrmovilon.es\/index.php?rest_route=%2Fwp%2Fv2%2Fcomments&post=448"}],"version-history":[{"count":0,"href":"https:\/\/mrmovilon.es\/index.php?rest_route=\/wp\/v2\/product\/448\/revisions"}],"wp:featuredmedia":[{"embeddable":true,"href":"https:\/\/mrmovilon.es\/index.php?rest_route=\/wp\/v2\/media\/450"}],"wp:attachment":[{"href":"https:\/\/mrmovilon.es\/index.php?rest_route=%2Fwp%2Fv2%2Fmedia&parent=448"}],"wp:term":[{"taxonomy":"product_brand","embeddable":true,"href":"https:\/\/mrmovilon.es\/index.php?rest_route=%2Fwp%2Fv2%2Fproduct_brand&post=448"},{"taxonomy":"product_cat","embeddable":true,"href":"https:\/\/mrmovilon.es\/index.php?rest_route=%2Fwp%2Fv2%2Fproduct_cat&post=448"},{"taxonomy":"product_tag","embeddable":true,"href":"https:\/\/mrmovilon.es\/index.php?rest_route=%2Fwp%2Fv2%2Fproduct_tag&post=448"}],"curies":[{"name":"wp","href":"https:\/\/api.w.org\/{rel}","templated":true}]}}