{"id":442,"date":"2026-03-26T09:05:31","date_gmt":"2026-03-26T09:05:31","guid":{"rendered":"https:\/\/mrmovilon.es\/?post_type=product&#038;p=442"},"modified":"2026-04-19T10:57:45","modified_gmt":"2026-04-19T10:57:45","slug":"samsung-galaxy-m20-4-64gb-negro-libre","status":"publish","type":"product","link":"https:\/\/mrmovilon.es\/?product=samsung-galaxy-m20-4-64gb-negro-libre","title":{"rendered":"Samsung Galaxy M20 4\/64GB Negro Libre"},"content":{"rendered":"<p>La nueva gama M de Samsung ya est\u00e1 aqu\u00ed. El Samsung Galaxy M20 puede realizar m\u00faltiples tareas con juegos, v\u00eddeos y redes sociales sin sudar. Galaxy M20 viene con una impresionante pantalla infinita V de 16 cm (6,3 \u00ab). Su pantalla FHD + de borde a borde casi sin biselado le brinda una experiencia de visualizaci\u00f3n inmersiva. Obtenga tomas perfectas con poca luz con su c\u00e1mara de fotos y tomas de gran retrato con funci\u00f3n de enfoque en vivo. Adem\u00e1s, Galaxy M20 cuenta con una enorme bater\u00eda de 5000 mAh, una de las m\u00e1s amplias del mercado.<\/p>\n","protected":false},"excerpt":{"rendered":"<p>La nueva gama M de Samsung ya est\u00e1 aqu\u00ed. El Samsung Galaxy M20 puede realizar m\u00faltiples tareas con juegos, v\u00eddeos y redes sociales sin sudar. Galaxy M20 viene con una impresionante pantalla infinita V de 16 cm (6,3 \u00ab). Su pantalla FHD + de borde a borde casi sin biselado le brinda una experiencia de [&hellip;]<\/p>\n","protected":false},"featured_media":445,"comment_status":"open","ping_status":"closed","template":"","meta":[],"product_brand":[23],"product_cat":[32,31],"product_tag":[],"class_list":{"0":"post-442","1":"product","2":"type-product","3":"status-publish","4":"has-post-thumbnail","6":"product_brand-samsung","7":"product_cat-android","8":"product_cat-smartphones","10":"first","11":"instock","12":"shipping-taxable","13":"purchasable","14":"product-type-simple"},"_links":{"self":[{"href":"https:\/\/mrmovilon.es\/index.php?rest_route=\/wp\/v2\/product\/442","targetHints":{"allow":["GET"]}}],"collection":[{"href":"https:\/\/mrmovilon.es\/index.php?rest_route=\/wp\/v2\/product"}],"about":[{"href":"https:\/\/mrmovilon.es\/index.php?rest_route=\/wp\/v2\/types\/product"}],"replies":[{"embeddable":true,"href":"https:\/\/mrmovilon.es\/index.php?rest_route=%2Fwp%2Fv2%2Fcomments&post=442"}],"version-history":[{"count":0,"href":"https:\/\/mrmovilon.es\/index.php?rest_route=\/wp\/v2\/product\/442\/revisions"}],"wp:featuredmedia":[{"embeddable":true,"href":"https:\/\/mrmovilon.es\/index.php?rest_route=\/wp\/v2\/media\/445"}],"wp:attachment":[{"href":"https:\/\/mrmovilon.es\/index.php?rest_route=%2Fwp%2Fv2%2Fmedia&parent=442"}],"wp:term":[{"taxonomy":"product_brand","embeddable":true,"href":"https:\/\/mrmovilon.es\/index.php?rest_route=%2Fwp%2Fv2%2Fproduct_brand&post=442"},{"taxonomy":"product_cat","embeddable":true,"href":"https:\/\/mrmovilon.es\/index.php?rest_route=%2Fwp%2Fv2%2Fproduct_cat&post=442"},{"taxonomy":"product_tag","embeddable":true,"href":"https:\/\/mrmovilon.es\/index.php?rest_route=%2Fwp%2Fv2%2Fproduct_tag&post=442"}],"curies":[{"name":"wp","href":"https:\/\/api.w.org\/{rel}","templated":true}]}}