{"id":48,"date":"2026-03-19T16:14:53","date_gmt":"2026-03-19T16:14:53","guid":{"rendered":"https:\/\/mrmovilon.es\/?page_id=48"},"modified":"2026-03-20T11:42:26","modified_gmt":"2026-03-20T11:42:26","slug":"aviso-legal","status":"publish","type":"page","link":"https:\/\/mrmovilon.es\/?page_id=48","title":{"rendered":"Aviso Legal y Condiciones de Uso"},"content":{"rendered":"\n<p><strong>1. DATOS IDENTIFICATIVOS<\/strong> En cumplimiento con el deber de informaci\u00f3n recogido en art\u00edculo 10 de la Ley 34\/2002, de 11 de julio, de Servicios de la Sociedad de la Informaci\u00f3n y del Comercio Electr\u00f3nico (LSSI-CE), se reflejan a continuaci\u00f3n los siguientes datos:<\/p>\n\n\n\n<ul class=\"wp-block-list\">\n<li><strong>Titular del sitio web:<\/strong> <code>MANUEL LUZON TOLEDO<\/code><\/li>\n\n\n\n<li><strong>Nombre Comercial:<\/strong> Mr.Movilon<\/li>\n\n\n\n<li><strong>NIF\/CIF:<\/strong> <code>04613999S<\/code><\/li>\n\n\n\n<li><strong>Domicilio:<\/strong> C\/ Boteros, 63, 16600 San Clemente, Cuenca<\/li>\n\n\n\n<li><strong>Contacto:<\/strong> Tel\u00e9fono 638 78 20 12 \/ Correo electr\u00f3nico: <code>hola@mrmovilon.es<\/code><\/li>\n<\/ul>\n\n\n\n<p><strong>2. USUARIOS Y CONDICIONES DE USO<\/strong> El acceso y\/o uso de este portal web atribuye la condici\u00f3n de USUARIO, que acepta, desde dicho acceso y\/o uso, las Condiciones Generales de Uso aqu\u00ed reflejadas. El sitio web proporciona el acceso a multitud de informaciones, servicios o datos en Internet pertenecientes a Mr.Movilon. El USUARIO asume la responsabilidad del uso del portal.<\/p>\n\n\n\n<p><strong>3. PROPIEDAD INTELECTUAL E INDUSTRIAL<\/strong> Mr.Movil\u00f3n por s\u00ed o como cesionaria, es titular de todos los derechos de propiedad intelectual e industrial de su p\u00e1gina web, as\u00ed como de los elementos contenidos en la misma (a t\u00edtulo enunciativo: im\u00e1genes, sonido, audio, v\u00eddeo, software o textos; marcas o logotipos, combinaciones de colores, estructura y dise\u00f1o, etc.). Todos los derechos reservados. Queda expresamente prohibida la reproducci\u00f3n, distribuci\u00f3n y comunicaci\u00f3n p\u00fablica, incluida su modalidad de puesta a disposici\u00f3n, de la totalidad o parte de los contenidos de esta p\u00e1gina web, con fines comerciales, sin la autorizaci\u00f3n expresa del titular.<\/p>\n\n\n\n<p><strong>4. EXCLUSI\u00d3N DE GARANT\u00cdAS Y RESPONSABILIDAD<\/strong> Mr.Movilon no se hace responsable, en ning\u00fan caso, de los da\u00f1os y perjuicios de cualquier naturaleza que pudieran ocasionar, a t\u00edtulo enunciativo: errores u omisiones en los contenidos, falta de disponibilidad del portal (que realizar\u00e1 paradas peri\u00f3dicas por mantenimientos t\u00e9cnicos) o la transmisi\u00f3n de virus o programas maliciosos en los contenidos, a pesar de haber adoptado todas las medidas tecnol\u00f3gicas necesarias para evitarlo.<\/p>\n\n\n\n<p><strong>5. RESOLUCI\u00d3N DE LITIGIOS EN L\u00cdNEA (ODR)<\/strong> Conforme al Art. 14.1 del Reglamento (UE) 524\/2013, la Comisi\u00f3n Europea facilita una plataforma de resoluci\u00f3n de litigios en l\u00ednea que se encuentra disponible en el siguiente enlace: <a target=\"_blank\" rel=\"noreferrer noopener\" href=\"http:\/\/ec.europa.eu\/consumers\/odr\/\">http:\/\/ec.europa.eu\/consumers\/odr\/<\/a>.<\/p>\n","protected":false},"excerpt":{"rendered":"<p>1. DATOS IDENTIFICATIVOS En cumplimiento con el deber de informaci\u00f3n recogido en art\u00edculo 10 de la Ley 34\/2002, de 11 de julio, de Servicios de la Sociedad de la Informaci\u00f3n y del Comercio Electr\u00f3nico (LSSI-CE), se reflejan a continuaci\u00f3n los siguientes datos: 2. USUARIOS Y CONDICIONES DE USO El acceso y\/o uso de este portal [&hellip;]<\/p>\n","protected":false},"author":1,"featured_media":0,"parent":0,"menu_order":0,"comment_status":"closed","ping_status":"closed","template":"elementor_theme","meta":{"footnotes":""},"class_list":["post-48","page","type-page","status-publish","hentry"],"_links":{"self":[{"href":"https:\/\/mrmovilon.es\/index.php?rest_route=\/wp\/v2\/pages\/48","targetHints":{"allow":["GET"]}}],"collection":[{"href":"https:\/\/mrmovilon.es\/index.php?rest_route=\/wp\/v2\/pages"}],"about":[{"href":"https:\/\/mrmovilon.es\/index.php?rest_route=\/wp\/v2\/types\/page"}],"author":[{"embeddable":true,"href":"https:\/\/mrmovilon.es\/index.php?rest_route=\/wp\/v2\/users\/1"}],"replies":[{"embeddable":true,"href":"https:\/\/mrmovilon.es\/index.php?rest_route=%2Fwp%2Fv2%2Fcomments&post=48"}],"version-history":[{"count":0,"href":"https:\/\/mrmovilon.es\/index.php?rest_route=\/wp\/v2\/pages\/48\/revisions"}],"wp:attachment":[{"href":"https:\/\/mrmovilon.es\/index.php?rest_route=%2Fwp%2Fv2%2Fmedia&parent=48"}],"curies":[{"name":"wp","href":"https:\/\/api.w.org\/{rel}","templated":true}]}}