{"id":3,"date":"2026-03-15T14:57:44","date_gmt":"2026-03-15T14:57:44","guid":{"rendered":"https:\/\/mrmovilon.es\/?page_id=3"},"modified":"2026-03-20T11:42:49","modified_gmt":"2026-03-20T11:42:49","slug":"privacy-policy","status":"publish","type":"page","link":"https:\/\/mrmovilon.es\/?page_id=3","title":{"rendered":"Pol\u00edtica de Privacidad"},"content":{"rendered":"\n<p><strong>1. RESPONSABLE DEL TRATAMIENTO<\/strong> Identidad: <code>MANUEL LUZON TOLEDO<\/code> (en adelante, Mr.Movilon) NIF: <code>04613999S<\/code> \/ Dir. Postal: C\/ Boteros, 63, 16600 San Clemente, Cuenca.<\/p>\n\n\n\n<p><strong>2. FINALIDAD Y CONSERVACI\u00d3N DE LOS DATOS<\/strong> Tratamos la informaci\u00f3n que nos facilitan las personas interesadas con el fin de:<\/p>\n\n\n\n<ul class=\"wp-block-list\">\n<li>Gestionar el env\u00edo de informaci\u00f3n solicitada, presupuestos de reparaci\u00f3n y estado de los dispositivos.<\/li>\n\n\n\n<li>Prestar el servicio t\u00e9cnico, facturaci\u00f3n y gesti\u00f3n de garant\u00edas.<\/li>\n\n\n\n<li>Gestionar compras o reservas de dispositivos y accesorios a trav\u00e9s del cat\u00e1logo web.<\/li>\n<\/ul>\n\n\n\n<p>Los datos personales proporcionados se conservar\u00e1n mientras se mantenga la relaci\u00f3n mercantil o durante los a\u00f1os necesarios para cumplir con las obligaciones legales (ej. normativa fiscal y tributaria, habitualmente 5 a\u00f1os).<\/p>\n\n\n\n<p><strong>3. LEGITIMACI\u00d3N<\/strong> La base legal para el tratamiento de sus datos es:<\/p>\n\n\n\n<ul class=\"wp-block-list\">\n<li><strong>Ejecuci\u00f3n de un contrato:<\/strong> Para la prestaci\u00f3n de los servicios de reparaci\u00f3n o venta solicitados.<\/li>\n\n\n\n<li><strong>Consentimiento expreso:<\/strong> Al contactar a trav\u00e9s de WhatsApp, formularios o correo electr\u00f3nico.<\/li>\n<\/ul>\n\n\n\n<p><strong>4. DESTINATARIOS Y TRANSFERENCIAS INTERNACIONALES<\/strong> <\/p>\n\n\n\n<p>Los datos no se ceder\u00e1n a terceros ajenos a la empresa, salvo obligaci\u00f3n legal. No obstante, para la prestaci\u00f3n de servicios (como el contacto v\u00eda WhatsApp), los datos son tratados por plataformas de Meta Platforms Ireland Limited, cuyas infraestructuras pueden implicar una transferencia internacional de datos sujeta a las cl\u00e1usulas contractuales tipo aprobadas por la Comisi\u00f3n Europea.<\/p>\n\n\n\n<p><strong>5. DERECHOS DEL USUARIO<\/strong> Cualquier persona tiene derecho a obtener confirmaci\u00f3n sobre si en Mr.Movilon estamos tratando datos personales que les conciernan, o no. Las personas interesadas tienen derecho a <strong>acceder<\/strong> a sus datos personales, as\u00ed como a solicitar la <strong>rectificaci\u00f3n<\/strong> de los datos inexactos o, en su caso, solicitar su <strong>supresi\u00f3n<\/strong> cuando, entre otros motivos, los datos ya no sean necesarios para los fines que fueron recogidos. Puede ejercer estos derechos enviando un correo a <code>hola@mrmovilon.es<\/code> adjuntando copia de su DNI.<\/p>\n","protected":false},"excerpt":{"rendered":"<p>1. RESPONSABLE DEL TRATAMIENTO Identidad: MANUEL LUZON TOLEDO (en adelante, Mr.Movilon) NIF: 04613999S \/ Dir. Postal: C\/ Boteros, 63, 16600 San Clemente, Cuenca. 2. FINALIDAD Y CONSERVACI\u00d3N DE LOS DATOS Tratamos la informaci\u00f3n que nos facilitan las personas interesadas con el fin de: Los datos personales proporcionados se conservar\u00e1n mientras se mantenga la relaci\u00f3n mercantil [&hellip;]<\/p>\n","protected":false},"author":1,"featured_media":0,"parent":0,"menu_order":0,"comment_status":"closed","ping_status":"closed","template":"elementor_theme","meta":{"footnotes":""},"class_list":["post-3","page","type-page","status-publish","hentry"],"_links":{"self":[{"href":"https:\/\/mrmovilon.es\/index.php?rest_route=\/wp\/v2\/pages\/3","targetHints":{"allow":["GET"]}}],"collection":[{"href":"https:\/\/mrmovilon.es\/index.php?rest_route=\/wp\/v2\/pages"}],"about":[{"href":"https:\/\/mrmovilon.es\/index.php?rest_route=\/wp\/v2\/types\/page"}],"author":[{"embeddable":true,"href":"https:\/\/mrmovilon.es\/index.php?rest_route=\/wp\/v2\/users\/1"}],"replies":[{"embeddable":true,"href":"https:\/\/mrmovilon.es\/index.php?rest_route=%2Fwp%2Fv2%2Fcomments&post=3"}],"version-history":[{"count":0,"href":"https:\/\/mrmovilon.es\/index.php?rest_route=\/wp\/v2\/pages\/3\/revisions"}],"wp:attachment":[{"href":"https:\/\/mrmovilon.es\/index.php?rest_route=%2Fwp%2Fv2%2Fmedia&parent=3"}],"curies":[{"name":"wp","href":"https:\/\/api.w.org\/{rel}","templated":true}]}}